{"id":974,"date":"2022-03-13T12:14:11","date_gmt":"2022-03-13T12:14:11","guid":{"rendered":"https:\/\/wordpress.hypnose-enfants-ados-lyon.fr\/?page_id=974"},"modified":"2022-11-04T07:49:18","modified_gmt":"2022-11-04T07:49:18","slug":"lhypnose","status":"publish","type":"page","link":"https:\/\/www.hypnose-enfants-ados-lyon.fr\/?page_id=974","title":{"rendered":"L&#8217;hypnose pour enfants et adolescents&#8230; et jeunes adultes"},"content":{"rendered":"\n<figure class=\"wp-block-image alignright size-full is-resized\"><img loading=\"lazy\" src=\"https:\/\/www.hypnose-enfants-ados-lyon.fr\/wp-content\/uploads\/2022\/11\/connaistoi.jpg\" alt=\"\" class=\"wp-image-1226\" width=\"109\" height=\"116\"\/><\/figure>\n\n\n\n<h3>L&#8217;hypnose c&#8217;est&#8230;<\/h3>\n\n\n\n<p>L&#8217;hypnose th\u00e9rapeutique est un ensemble de techniques utilis\u00e9es pour faire r\u00e9agir l\u2019inconscient, toujours au b\u00e9n\u00e9fice de la personne.<br>L&#8217; \u00e9tat de conscience ainsi modifi\u00e9 ouvre l\u2019acc\u00e8s \u00e0 des ressources inconscientes g\u00e9n\u00e9ratrices de changements profonds. Lequel \u00e9tat se caract\u00e9rise par une forme de concentration d\u00e9cal\u00e9e, une sorte de r\u00eave \u00e9veill\u00e9, une intense pr\u00e9sence et une hyper sensibilit\u00e9.<\/p>\n\n\n\n<p> L&#8217;histoire de l&#8217;hypnose est ancienne et riche, sa pratique est multi-mill\u00e9naire. Des t\u00e9moignages de soins obtenus gr\u00e2ce \u00e0 l&#8217;hypnose ont \u00e9t\u00e9 retrouv\u00e9s sur des tablettes sum\u00e9rienne en \u00e9criture cun\u00e9iforme ainsi que dans des r\u00e9cits datant de l\u2019Egypte et de la Gr\u00e8ce antiques.<br><\/p>\n\n\n\n<h3>Pourquoi choisir l\u2019hypnose pour votre enfant, votre adolescent?<\/h3>\n\n\n\n<p>-Parce que c\u2019est un <strong>accompagnement orient\u00e9 solution<\/strong>: dans mon approche, il y a des aspects analytiques mais pas de longs retours et s\u00e9jours dans le pass\u00e9, <strong>ce qui nous importe c\u2019est comment aller mieux<\/strong>.<br>&#8211; Parce que l\u2019hypnose permet de<strong> mieux se conna\u00eetre et de se transformer positivement<\/strong>.<br>&#8211; Parce que c\u2019est un \u00e9tat naturel, amplifi\u00e9 et sans risque.<br><\/p>\n\n\n\n<h3>Quid de la validation scientifique?<\/h3>\n\n\n\n<p>Certains de ses bienfaits sont prouv\u00e9s depuis longtemps notamment pour la douleur, la d\u00e9pression, l\u2019anxi\u00e9t\u00e9.<br>A ce stade, les neurosciences par le biais de l\u2019IRMF montrent l\u2019activation de diff\u00e9rentes aires c\u00e9r\u00e9brales lors des s\u00e9ances.<br>Quoi qu&#8217;il en soit, aucun des domaines li\u00e9s \u00e0 la psych\u00e9 n\u2019est valid\u00e9 scientifiquement. <br><strong>Soyons pragmatiques et constatons par nous-m\u00eames les b\u00e9n\u00e9fices ressentis<\/strong>.<\/p>\n\n\n\n<h3><strong>Tout le monde peut \u00eatre hypnotis\u00e9?<\/strong><\/h3>\n\n\n\n<p>Oui, tout le monde est suggestible. <br>La premi\u00e8re fois, certains y parviennent plus facilement que d&#8217;autres mais cela s&#8217;apprend avec la pratique. <br>Les enfants et les adolescents sont particuli\u00e8rement \u00e0 l&#8217;aise: nos s\u00e9ances sont autant de voyages, d&#8217;explorations, de moments amusants, souvent surprenants.<\/p>\n\n\n\n<h3><strong>Bien s\u00fbr, <\/strong>chacun garde le contr\u00f4le lors de la s\u00e9ance. <\/h3>\n\n\n\n<p>A tout moment, la s\u00e9ance peut \u00eatre interrompue &#8211; pause ou arr\u00eat si c&#8217;est la demande. A ce jour, personne n&#8217;a eu besoin d&#8217;arr\u00eater, juste de faire une pause et de continuer tout de suite apr\u00e8s. <br>Je suis tr\u00e8s attentive \u00e0 la personne lors de nos s\u00e9ances, sa tranquillit\u00e9 d&#8217;esprit est essentielle.<\/p>\n","protected":false},"excerpt":{"rendered":"<p>L&#8217;hypnose c&#8217;est&#8230; L&#8217;hypnose th\u00e9rapeutique est un ensemble de techniques utilis\u00e9es pour faire r\u00e9agir l\u2019inconscient, toujours au b\u00e9n\u00e9fice de la personne.L&#8217; \u00e9tat de conscience ainsi modifi\u00e9 ouvre l\u2019acc\u00e8s \u00e0 des ressources inconscientes g\u00e9n\u00e9ratrices de changements profonds. Lequel \u00e9tat se caract\u00e9rise par une forme de concentration d\u00e9cal\u00e9e, une sorte de r\u00eave \u00e9veill\u00e9, une intense pr\u00e9sence et une &hellip;<\/p>\n<p class=\"read-more\"> <a class=\"\" href=\"https:\/\/www.hypnose-enfants-ados-lyon.fr\/?page_id=974\"> <span class=\"screen-reader-text\">L&#8217;hypnose pour enfants et adolescents&#8230; et jeunes adultes<\/span> Read More &raquo;<\/a><\/p>\n","protected":false},"author":1,"featured_media":0,"parent":0,"menu_order":0,"comment_status":"closed","ping_status":"closed","template":"","meta":{"site-sidebar-layout":"default","site-content-layout":"default","ast-global-header-display":"","ast-main-header-display":"","ast-hfb-above-header-display":"","ast-hfb-below-header-display":"","ast-hfb-mobile-header-display":"","site-post-title":"","ast-breadcrumbs-content":"","ast-featured-img":"","footer-sml-layout":"","theme-transparent-header-meta":"","adv-header-id-meta":"","stick-header-meta":"","header-above-stick-meta":"","header-main-stick-meta":"","header-below-stick-meta":""},"_links":{"self":[{"href":"https:\/\/www.hypnose-enfants-ados-lyon.fr\/index.php?rest_route=\/wp\/v2\/pages\/974"}],"collection":[{"href":"https:\/\/www.hypnose-enfants-ados-lyon.fr\/index.php?rest_route=\/wp\/v2\/pages"}],"about":[{"href":"https:\/\/www.hypnose-enfants-ados-lyon.fr\/index.php?rest_route=\/wp\/v2\/types\/page"}],"author":[{"embeddable":true,"href":"https:\/\/www.hypnose-enfants-ados-lyon.fr\/index.php?rest_route=\/wp\/v2\/users\/1"}],"replies":[{"embeddable":true,"href":"https:\/\/www.hypnose-enfants-ados-lyon.fr\/index.php?rest_route=%2Fwp%2Fv2%2Fcomments&post=974"}],"version-history":[{"count":31,"href":"https:\/\/www.hypnose-enfants-ados-lyon.fr\/index.php?rest_route=\/wp\/v2\/pages\/974\/revisions"}],"predecessor-version":[{"id":1230,"href":"https:\/\/www.hypnose-enfants-ados-lyon.fr\/index.php?rest_route=\/wp\/v2\/pages\/974\/revisions\/1230"}],"wp:attachment":[{"href":"https:\/\/www.hypnose-enfants-ados-lyon.fr\/index.php?rest_route=%2Fwp%2Fv2%2Fmedia&parent=974"}],"curies":[{"name":"wp","href":"https:\/\/api.w.org\/{rel}","templated":true}]}}