{"id":882,"date":"2022-03-10T21:09:26","date_gmt":"2022-03-10T21:09:26","guid":{"rendered":"https:\/\/wordpress.hypnose-enfants-ados-lyon.fr\/?page_id=882"},"modified":"2023-06-29T07:50:34","modified_gmt":"2023-06-29T07:50:34","slug":"informations-pratiques","status":"publish","type":"page","link":"https:\/\/www.hypnose-enfants-ados-lyon.fr\/?page_id=882","title":{"rendered":"Infos pratiques et tarifs"},"content":{"rendered":"\n<div class=\"wp-container-3 wp-block-columns\">\n<div class=\"wp-container-1 wp-block-column\" style=\"flex-basis:50%\">\n<figure class=\"wp-block-image size-large\"><img loading=\"lazy\" width=\"1024\" height=\"771\" src=\"https:\/\/wordpress.hypnose-enfants-ados-lyon.fr\/wp-content\/uploads\/2022\/03\/chris.-cab2-1024x771.jpg\" alt=\"\" class=\"wp-image-1096\" srcset=\"https:\/\/www.hypnose-enfants-ados-lyon.fr\/wp-content\/uploads\/2022\/03\/chris.-cab2-1024x771.jpg 1024w, https:\/\/www.hypnose-enfants-ados-lyon.fr\/wp-content\/uploads\/2022\/03\/chris.-cab2-300x226.jpg 300w, https:\/\/www.hypnose-enfants-ados-lyon.fr\/wp-content\/uploads\/2022\/03\/chris.-cab2-768x578.jpg 768w, https:\/\/www.hypnose-enfants-ados-lyon.fr\/wp-content\/uploads\/2022\/03\/chris.-cab2-1536x1157.jpg 1536w, https:\/\/www.hypnose-enfants-ados-lyon.fr\/wp-content\/uploads\/2022\/03\/chris.-cab2.jpg 1701w\" sizes=\"(max-width: 1024px) 100vw, 1024px\" \/><\/figure>\n<\/div>\n\n\n\n<div class=\"wp-container-2 wp-block-column\" style=\"flex-basis:50%\">\n<h3>\u2022 Tarif \u2192 60\u20ac la s\u00e9ance.<\/h3>\n\n\n\n<p>En cas de difficult\u00e9 financi\u00e8re une solution adapt\u00e9e peut \u00eatre trouv\u00e9e, l\u2019argent ne doit pas \u00eatre un obstacle.<br>R\u00e8glement en ch\u00e8que ou esp\u00e8ces.<br>Une s\u00e9ance vous engage: toute s\u00e9ance non d\u00e9command\u00e9e 48h \u00e0 l\u2019avance est due.<\/p>\n<\/div>\n<\/div>\n\n\n\n<h3>Adresse du cabinet<\/h3>\n\n\n\n<p id=\"block-d5ca361b-dfcf-41fe-8c0e-79542c208b8c\">10, Grande rue de la Croix-Rousse LYON 69004<\/p>\n\n\n\n<h3>M\u00e9tro C<\/h3>\n\n\n\n<p>Arr\u00eat Croix-Rousse (3 min), direction Caluire.<\/p>\n\n\n\n<h3>Le bus<\/h3>\n\n\n\n<p>45, C13<\/p>\n\n\n\n<h3>Le v\u00e9lov\u2019<\/h3>\n\n\n\n<p>Bornes Velov\u2019 disponibles sur la place de la Croix-Rousse.<br><\/p>\n\n\n\n<h3>La voiture<\/h3>\n\n\n\n<p>\u2192 LPA Parking du Gros Caillou (5min \u00e0 pied)<br>Entr\u00e9e des v\u00e9hicules : 167 bis boulevard de la Croix-Rousse, 69004 Lyon<\/p>\n","protected":false},"excerpt":{"rendered":"<p>\u2022 Tarif \u2192 60\u20ac la s\u00e9ance. En cas de difficult\u00e9 financi\u00e8re une solution adapt\u00e9e peut \u00eatre trouv\u00e9e, l\u2019argent ne doit pas \u00eatre un obstacle.R\u00e8glement en ch\u00e8que ou esp\u00e8ces.Une s\u00e9ance vous engage: toute s\u00e9ance non d\u00e9command\u00e9e 48h \u00e0 l\u2019avance est due. Adresse du cabinet 10, Grande rue de la Croix-Rousse LYON 69004 M\u00e9tro C Arr\u00eat Croix-Rousse &hellip;<\/p>\n<p class=\"read-more\"> <a class=\"\" href=\"https:\/\/www.hypnose-enfants-ados-lyon.fr\/?page_id=882\"> <span class=\"screen-reader-text\">Infos pratiques et tarifs<\/span> Read More &raquo;<\/a><\/p>\n","protected":false},"author":1,"featured_media":0,"parent":0,"menu_order":0,"comment_status":"closed","ping_status":"closed","template":"","meta":{"site-sidebar-layout":"default","site-content-layout":"default","ast-global-header-display":"","ast-main-header-display":"","ast-hfb-above-header-display":"","ast-hfb-below-header-display":"","ast-hfb-mobile-header-display":"","site-post-title":"","ast-breadcrumbs-content":"","ast-featured-img":"","footer-sml-layout":"","theme-transparent-header-meta":"","adv-header-id-meta":"","stick-header-meta":"","header-above-stick-meta":"","header-main-stick-meta":"","header-below-stick-meta":""},"_links":{"self":[{"href":"https:\/\/www.hypnose-enfants-ados-lyon.fr\/index.php?rest_route=\/wp\/v2\/pages\/882"}],"collection":[{"href":"https:\/\/www.hypnose-enfants-ados-lyon.fr\/index.php?rest_route=\/wp\/v2\/pages"}],"about":[{"href":"https:\/\/www.hypnose-enfants-ados-lyon.fr\/index.php?rest_route=\/wp\/v2\/types\/page"}],"author":[{"embeddable":true,"href":"https:\/\/www.hypnose-enfants-ados-lyon.fr\/index.php?rest_route=\/wp\/v2\/users\/1"}],"replies":[{"embeddable":true,"href":"https:\/\/www.hypnose-enfants-ados-lyon.fr\/index.php?rest_route=%2Fwp%2Fv2%2Fcomments&post=882"}],"version-history":[{"count":13,"href":"https:\/\/www.hypnose-enfants-ados-lyon.fr\/index.php?rest_route=\/wp\/v2\/pages\/882\/revisions"}],"predecessor-version":[{"id":1242,"href":"https:\/\/www.hypnose-enfants-ados-lyon.fr\/index.php?rest_route=\/wp\/v2\/pages\/882\/revisions\/1242"}],"wp:attachment":[{"href":"https:\/\/www.hypnose-enfants-ados-lyon.fr\/index.php?rest_route=%2Fwp%2Fv2%2Fmedia&parent=882"}],"curies":[{"name":"wp","href":"https:\/\/api.w.org\/{rel}","templated":true}]}}