{"id":624,"date":"2020-09-18T13:25:40","date_gmt":"2020-09-18T13:25:40","guid":{"rendered":"https:\/\/wordpress.hypnose-enfants-ados-lyon.fr\/?page_id=624"},"modified":"2025-09-25T07:31:16","modified_gmt":"2025-09-25T07:31:16","slug":"home","status":"publish","type":"page","link":"https:\/\/www.hypnose-enfants-ados-lyon.fr\/","title":{"rendered":"Home"},"content":{"rendered":"\n<div class=\"inherit-container-width wp-container-14 wp-block-group alignfull has-ast-global-color-5-background-color has-background\"><div class=\"wp-block-group__inner-container\">\n<div class=\"wp-block-cover alignwide is-light has-parallax\" style=\"background-image:url(https:\/\/www.hypnose-enfants-ados-lyon.fr\/wp-content\/uploads\/2022\/03\/iStock-1193200192-2-scaled.gif);min-height:383px\"><span aria-hidden=\"true\" class=\"wp-block-cover__background has-background-dim-0 has-background-dim\"><\/span><div class=\"wp-block-cover__inner-container\">\n<h2 class=\"has-luminous-vivid-orange-color has-text-color\" style=\"font-style:normal;font-weight:100\"><strong>Hypnose<\/strong> et suivis \u00e0 vis\u00e9e th\u00e9rapeutique<\/h2>\n\n\n\n<h3 class=\"has-luminous-vivid-orange-color has-text-color\" style=\"font-style:normal;font-weight:600\">Enfants, adolescents, jeunes adultes <\/h3>\n\n\n\n<h2 class=\"has-luminous-vivid-orange-color has-text-color\" style=\"font-style:normal;font-weight:500\">Grandir en confiance<\/h2>\n<\/div><\/div>\n\n\n\n<p><\/p>\n\n\n\n<h2 class=\"has-text-align-center has-ast-global-color-0-color has-text-color\">Th\u00e9rapie br\u00e8ve  <br>enfants adolescents<\/h2>\n\n\n\n<h3 class=\"has-text-align-center has-luminous-vivid-orange-color has-white-background-color has-text-color has-background\" style=\"font-style:normal;font-weight:600;text-transform:uppercase\">Bienvenue sur mon site<br><br>je suis christelle firmis<br><strong>PRATICIENNE CERTIFI\u00c9E EN HYPNOSE \u00c9RICKSONIENNE<\/strong><br><br><strong>J&#8217;ACCOMPAGNE <\/strong><br><strong>voS ENFANTS ET ADOLESCEN<\/strong>ts<\/h3>\n\n\n\n<h3 class=\"has-text-align-center has-vivid-cyan-blue-color has-text-color\"><strong>Je vous aide \u00e0 r\u00e9soudre des probl\u00e9matiques telles que:<\/strong><br><br>les <mark style=\"background-color:rgba(0, 0, 0, 0)\" class=\"has-inline-color has-ast-global-color-0-color\">p<strong>hobies scolaires<\/strong><\/mark><strong>**, l&#8217;anxi\u00e9t\u00e9, <mark style=\"background-color:rgba(0, 0, 0, 0)\" class=\"has-inline-color has-ast-global-color-0-color\">col\u00e8re<\/mark>, stress, <\/strong><br><strong><mark style=\"background-color:rgba(0, 0, 0, 0)\" class=\"has-inline-color has-ast-global-color-0-color\">manque de confiance en soi<\/mark>, difficult\u00e9s relationnelles (amicales, amoureuses), s\u00e9parations (divorce, deuil), traumatismes, <\/strong><br><strong><mark style=\"background-color:rgba(0, 0, 0, 0)\" class=\"has-inline-color has-ast-global-color-0-color\">addictions aux jeux et r\u00e9seaux sociaux<\/mark><\/strong><br>**(voir mon site: <a href=\"http:\/\/www.orthopedagogue.eu\" data-type=\"URL\" data-id=\"http:\/\/www.orthopedagogue.eu\">www.orthopedagogue.eu<\/a>)<\/h3>\n\n\n\n<h2 class=\"has-text-align-center has-luminous-vivid-orange-color has-text-color\"><strong>Grandir et s&#8217;\u00e9panouir en confiance<\/strong>!<\/h2>\n\n\n\n<div class=\"wp-container-13 wp-block-columns are-vertically-aligned-top\">\n<div class=\"wp-container-3 wp-block-column is-vertically-aligned-top\">\n<div class=\"inherit-container-width wp-container-2 wp-block-group has-luminous-vivid-amber-background-color has-background\"><div class=\"wp-block-group__inner-container\">\n<h2 class=\"has-ast-global-color-0-color has-text-color\" style=\"font-size:33px\">Hypnose pour <strong>enfants<\/strong><\/h2>\n\n\n\n<p class=\"has-ast-global-color-0-color has-text-color\"><strong>La demande de l\u2019enfant<\/strong><\/p>\n\n\n\n<p class=\"has-text-align-left has-ast-global-color-0-color has-text-color\">Dans un premier temps, je cherche \u00e0 comprendre la demande de l&#8217;enfant, ce qui lui pose probl\u00e8me, ce qu&#8217;il aimerait changer.<br>Puis je m&#8217;adapte \u00e0 chacun dans le respect de sa sensibilit\u00e9, de son \u00e2ge, de sa personnalit\u00e9 et \u00e0 partir de son univers.<\/p>\n\n\n\n<p><\/p>\n\n\n\n<p><\/p>\n\n\n\n<div class=\"wp-container-1 wp-block-buttons\">\n<div class=\"wp-block-button is-style-fill\"><a class=\"wp-block-button__link has-black-color has-white-background-color has-text-color has-background\" href=\"https:\/\/www.hypnose-enfants-ados-lyon.fr\/?page_id=885\">Voir plus<\/a><\/div>\n<\/div>\n<\/div><\/div>\n<\/div>\n\n\n\n<div class=\"wp-container-6 wp-block-column is-vertically-aligned-top\">\n<div class=\"inherit-container-width wp-container-5 wp-block-group has-luminous-vivid-amber-background-color has-background\"><div class=\"wp-block-group__inner-container\">\n<h2 class=\"has-text-align-center has-ast-global-color-0-color has-text-color\" style=\"font-size:32px\">Hypnose <br>&amp; adolescents <\/h2>\n\n\n\n<p class=\"has-ast-global-color-0-color has-text-color\"><strong>Des tourbillons d&#8217;\u00e9motions<\/strong><\/p>\n\n\n\n<p class=\"has-ast-global-color-0-color has-text-color\">L\u2019adolescence c&#8217;est beaucoup d\u2019\u00e9nergie, de passions, d\u2019enthousiasme\u2026 et aussi l&#8217;exact contraire.<\/p>\n\n\n\n<p><\/p>\n\n\n\n<p><\/p>\n\n\n\n<div class=\"wp-container-4 wp-block-buttons\">\n<div class=\"wp-block-button is-style-fill\"><a class=\"wp-block-button__link has-black-color has-white-background-color has-text-color has-background\" href=\"https:\/\/www.hypnose-enfants-ados-lyon.fr\/?page_id=891\">Voir plus<\/a><\/div>\n<\/div>\n<\/div><\/div>\n<\/div>\n\n\n\n<div class=\"wp-container-9 wp-block-column is-vertically-aligned-top\">\n<div class=\"inherit-container-width wp-container-8 wp-block-group has-luminous-vivid-amber-background-color has-background\"><div class=\"wp-block-group__inner-container\">\n<h2 class=\"has-ast-global-color-0-color has-text-color\" style=\"font-size:33px\">Hypnose jeunes adultes<\/h2>\n\n\n\n<p class=\"has-ast-global-color-0-color has-text-color\">Mon entr\u00e9e dans ma vie d&#8217;adulte!<\/p>\n\n\n\n<p class=\"has-ast-global-color-0-color has-text-color\">L\u2019hypnose permet un accompagnement ajust\u00e9 pour le jeune qui, au seuil de sa vie d\u2019adulte, veut se d\u00e9lester de probl\u00e9matiques emp\u00eachantes mais qui ne veut pas s\u2019investir dans une d\u00e9marche purement analytique.&nbsp;<\/p>\n\n\n\n<p style=\"font-size:3px\"><\/p>\n\n\n\n<div class=\"wp-container-7 wp-block-buttons\">\n<div class=\"wp-block-button\"><a class=\"wp-block-button__link has-black-color has-ast-global-color-4-background-color has-text-color has-background\" href=\"https:\/\/www.hypnose-enfants-ados-lyon.fr\/?page_id=897\">Voir plus<\/a><\/div>\n<\/div>\n<\/div><\/div>\n<\/div>\n\n\n\n<div class=\"wp-container-12 wp-block-column is-vertically-aligned-top\">\n<div class=\"inherit-container-width wp-container-11 wp-block-group has-luminous-vivid-amber-background-color has-background\"><div class=\"wp-block-group__inner-container\">\n<h2 class=\"has-ast-global-color-0-color has-text-color\" style=\"font-size:33px\">Soutien \u00e0 la parentatit\u00e9<\/h2>\n\n\n\n<p class=\"has-ast-global-color-0-color has-text-color\">Pas toujours facile!<\/p>\n\n\n\n<p class=\"has-ast-global-color-0-color has-text-color\">Votre famille est un tissage d&#8217;interd\u00e9pendances, je vous accompagne pour vivre et comprendre au mieux ces ann\u00e9es qui durent.<\/p>\n\n\n\n<p style=\"font-size:3px\"><\/p>\n\n\n\n<div class=\"wp-container-10 wp-block-buttons\">\n<div class=\"wp-block-button\"><a class=\"wp-block-button__link has-black-color has-ast-global-color-4-background-color has-text-color has-background\" href=\"https:\/\/www.hypnose-enfants-ados-lyon.fr\/?page_id=901\">Voir plus<\/a><\/div>\n<\/div>\n<\/div><\/div>\n<\/div>\n<\/div>\n<\/div><\/div>\n\n\n\n<div class=\"inherit-container-width wp-container-16 wp-block-group alignfull has-ast-global-color-4-background-color has-background\"><div class=\"wp-block-group__inner-container\">\n<div class=\"inherit-container-width wp-container-15 wp-block-group alignfull\"><div class=\"wp-block-group__inner-container\">\n<div class=\"wp-block-media-text alignfull is-stacked-on-mobile is-vertically-aligned-top\"><figure class=\"wp-block-media-text__media\"><img loading=\"lazy\" width=\"1701\" height=\"1701\" src=\"https:\/\/www.hypnose-enfants-ados-lyon.fr\/wp-content\/uploads\/2022\/03\/christL.-2.jpg\" alt=\"\" class=\"wp-image-921 size-full\" srcset=\"https:\/\/www.hypnose-enfants-ados-lyon.fr\/wp-content\/uploads\/2022\/03\/christL.-2.jpg 1701w, https:\/\/www.hypnose-enfants-ados-lyon.fr\/wp-content\/uploads\/2022\/03\/christL.-2-300x300.jpg 300w, https:\/\/www.hypnose-enfants-ados-lyon.fr\/wp-content\/uploads\/2022\/03\/christL.-2-1024x1024.jpg 1024w, https:\/\/www.hypnose-enfants-ados-lyon.fr\/wp-content\/uploads\/2022\/03\/christL.-2-150x150.jpg 150w, https:\/\/www.hypnose-enfants-ados-lyon.fr\/wp-content\/uploads\/2022\/03\/christL.-2-768x768.jpg 768w, https:\/\/www.hypnose-enfants-ados-lyon.fr\/wp-content\/uploads\/2022\/03\/christL.-2-1536x1536.jpg 1536w\" sizes=\"(max-width: 1701px) 100vw, 1701px\" \/><\/figure><div class=\"wp-block-media-text__content\">\n<p><\/p>\n<\/div><\/div>\n<\/div><\/div>\n<\/div><\/div>\n","protected":false},"excerpt":{"rendered":"<p>Th\u00e9rapie br\u00e8ve enfants adolescents Bienvenue sur mon site je suis christelle firmisPRATICIENNE CERTIFI\u00c9E EN HYPNOSE \u00c9RICKSONIENNE J&#8217;ACCOMPAGNE voS ENFANTS ET ADOLESCENts Je vous aide \u00e0 r\u00e9soudre des probl\u00e9matiques telles que: les phobies scolaires**, l&#8217;anxi\u00e9t\u00e9, col\u00e8re, stress, manque de confiance en soi, difficult\u00e9s relationnelles (amicales, amoureuses), s\u00e9parations (divorce, deuil), traumatismes, addictions aux jeux et r\u00e9seaux sociaux**(voir &hellip;<\/p>\n<p class=\"read-more\"> <a class=\"\" href=\"https:\/\/www.hypnose-enfants-ados-lyon.fr\/\"> <span class=\"screen-reader-text\">Home<\/span> Read More &raquo;<\/a><\/p>\n","protected":false},"author":1,"featured_media":0,"parent":0,"menu_order":0,"comment_status":"closed","ping_status":"closed","template":"","meta":{"site-sidebar-layout":"no-sidebar","site-content-layout":"plain-container","ast-global-header-display":"","ast-main-header-display":"","ast-hfb-above-header-display":"","ast-hfb-below-header-display":"","ast-hfb-mobile-header-display":"","site-post-title":"disabled","ast-breadcrumbs-content":"","ast-featured-img":"disabled","footer-sml-layout":"","theme-transparent-header-meta":"default","adv-header-id-meta":"","stick-header-meta":"","header-above-stick-meta":"","header-main-stick-meta":"","header-below-stick-meta":""},"_links":{"self":[{"href":"https:\/\/www.hypnose-enfants-ados-lyon.fr\/index.php?rest_route=\/wp\/v2\/pages\/624"}],"collection":[{"href":"https:\/\/www.hypnose-enfants-ados-lyon.fr\/index.php?rest_route=\/wp\/v2\/pages"}],"about":[{"href":"https:\/\/www.hypnose-enfants-ados-lyon.fr\/index.php?rest_route=\/wp\/v2\/types\/page"}],"author":[{"embeddable":true,"href":"https:\/\/www.hypnose-enfants-ados-lyon.fr\/index.php?rest_route=\/wp\/v2\/users\/1"}],"replies":[{"embeddable":true,"href":"https:\/\/www.hypnose-enfants-ados-lyon.fr\/index.php?rest_route=%2Fwp%2Fv2%2Fcomments&post=624"}],"version-history":[{"count":163,"href":"https:\/\/www.hypnose-enfants-ados-lyon.fr\/index.php?rest_route=\/wp\/v2\/pages\/624\/revisions"}],"predecessor-version":[{"id":1253,"href":"https:\/\/www.hypnose-enfants-ados-lyon.fr\/index.php?rest_route=\/wp\/v2\/pages\/624\/revisions\/1253"}],"wp:attachment":[{"href":"https:\/\/www.hypnose-enfants-ados-lyon.fr\/index.php?rest_route=%2Fwp%2Fv2%2Fmedia&parent=624"}],"curies":[{"name":"wp","href":"https:\/\/api.w.org\/{rel}","templated":true}]}}