{"id":1118,"date":"2022-03-15T19:54:10","date_gmt":"2022-03-15T19:54:10","guid":{"rendered":"https:\/\/wordpress.hypnose-enfants-ados-lyon.fr\/?page_id=1118"},"modified":"2022-03-15T20:00:40","modified_gmt":"2022-03-15T20:00:40","slug":"qui-suis-je","status":"publish","type":"page","link":"https:\/\/www.hypnose-enfants-ados-lyon.fr\/?page_id=1118","title":{"rendered":"Qui suis-je ?"},"content":{"rendered":"\n<div class=\"inherit-container-width wp-container-3 wp-block-group alignfull has-ast-global-color-4-background-color has-background\"><div class=\"wp-block-group__inner-container\">\n<div class=\"inherit-container-width wp-container-2 wp-block-group alignfull\"><div class=\"wp-block-group__inner-container\">\n<div class=\"wp-block-media-text alignfull is-stacked-on-mobile is-vertically-aligned-top\"><figure class=\"wp-block-media-text__media\"><img loading=\"lazy\" width=\"1024\" height=\"1024\" src=\"https:\/\/wordpress.hypnose-enfants-ados-lyon.fr\/wp-content\/uploads\/2022\/03\/christL.-2-1024x1024.jpg\" alt=\"\" class=\"wp-image-921 size-full\" srcset=\"https:\/\/www.hypnose-enfants-ados-lyon.fr\/wp-content\/uploads\/2022\/03\/christL.-2-1024x1024.jpg 1024w, https:\/\/www.hypnose-enfants-ados-lyon.fr\/wp-content\/uploads\/2022\/03\/christL.-2-300x300.jpg 300w, https:\/\/www.hypnose-enfants-ados-lyon.fr\/wp-content\/uploads\/2022\/03\/christL.-2-150x150.jpg 150w, https:\/\/www.hypnose-enfants-ados-lyon.fr\/wp-content\/uploads\/2022\/03\/christL.-2-768x768.jpg 768w, https:\/\/www.hypnose-enfants-ados-lyon.fr\/wp-content\/uploads\/2022\/03\/christL.-2-1536x1536.jpg 1536w, https:\/\/www.hypnose-enfants-ados-lyon.fr\/wp-content\/uploads\/2022\/03\/christL.-2.jpg 1701w\" sizes=\"(max-width: 1024px) 100vw, 1024px\" \/><\/figure><div class=\"wp-block-media-text__content\">\n<div class=\"inherit-container-width wp-container-1 wp-block-group has-ast-global-color-5-background-color has-background\"><div class=\"wp-block-group__inner-container\">\n<h2 class=\"has-text-align-center has-luminous-vivid-amber-color has-text-color\" id=\"qui-suis-je\">Qui suis-je ?<\/h2>\n\n\n\n<p class=\"has-ast-global-color-0-color has-text-color\">Je m\u2019appelle Christelle Firmis, je vis et j\u2019exerce \u00e0 Lyon, sur le plateau de la Croix-Rousse.&nbsp;<\/p>\n\n\n\n<p class=\"has-ast-global-color-0-color has-text-color\">Mon parcours professionnel, atypique et coh\u00e9rent, participe \u00e0 la richesse de mon approche, le voici en quelques mots :<\/p>\n\n\n\n<p class=\"has-ast-global-color-0-color has-text-color\">J\u2019ai exerc\u00e9 plusieurs ann\u00e9es comme <strong>enseignante en coll\u00e8ge et lyc\u00e9e<\/strong> (fran\u00e7ais et latin). Suite \u00e0 un projet aupr\u00e8s d\u2019enfants hospitalis\u00e9s, j\u2019ai \u00e9t\u00e9 i<strong>nstit en primaire<\/strong> puis <strong>instit sp\u00e9cialis\u00e9e ma\u00eetre D<\/strong> en ITEP (Institut Th\u00e9rapeutique, Educatif et P\u00e9dagogique) pour des adolescents ayant des troubles du comportement.<\/p>\n\n\n\n<p class=\"has-ast-global-color-0-color has-text-color\">&nbsp;<strong>Depuis 2010<\/strong>, je travaille en tant qu&#8217;orthop\u00e9dagogue -profession lib\u00e9rale en cabinet. C\u2019est un m\u00e9tier qui allie la p\u00e9dagogie et la relation d\u2019aide, un m\u00e9tier dans lequel je suis tr\u00e8s investie, \u00e0 l\u2019aise et qui continue de me passionner.<\/p>\n\n\n\n<p class=\"has-ast-global-color-0-color has-text-color\">(voir mon site: <a href=\"http:\/\/www.orthopedagogue.eu\" data-type=\"URL\" data-id=\"www.orthopedagogue.eu\">www.orthopedagogue.eu<\/a>)<\/p>\n\n\n\n<p class=\"has-ast-global-color-0-color has-text-color\">&nbsp;Depuis quelques ann\u00e9es, pour aider au mieux et approfondir certains de mes suivis, j&#8217;ai choisi de me former \u00e0 l&#8217;hypnose. Mais au-del\u00e0 de sa compl\u00e9mentarit\u00e9 \u00e0 l\u2019orthop\u00e9dagogie, c&#8217;est une activit\u00e9 \u00e0 part enti\u00e8re. Form\u00e9e initialement \u00e0 l\u2019hypnose pour adultes (je travaille parfois avec les parents), je me suis sp\u00e9cialis\u00e9e aupr\u00e8s de diff\u00e9rents organismes en <strong>hypnose pour enfants et adolescents <\/strong>afin d&#8217;exercer aupr\u00e8s des tranches d\u2019\u00e2ges que je connais bien et depuis longtemps. J\u2019aime travailler avec les jeunes pour leur \u00e9nergie, leur capacit\u00e9 \u00e0 s\u2019\u00e9merveiller, \u00e0 s\u2019enthousiasmer, leur c\u00f4t\u00e9 entier, et leur immense capacit\u00e9 de transformation.&nbsp;C&#8217;est souvent les aider \u00e0 \u00eatre mieux avec eux-m\u00eames, mieux avec les autres et quelque part les aider \u00e0 devenir le meilleur d&#8217;eux-m\u00eames.<\/p>\n\n\n\n<p class=\"has-ast-global-color-0-color has-text-color\">J\u2019ai donc dans deux orientations professionnelles et m\u00eame trois, en comptant les <strong>bilans d\u2019orientation Potentialis\u00ae<\/strong> que je r\u00e9alise depuis 2012. <\/p>\n\n\n\n<p class=\"has-ast-global-color-0-color has-text-color\">&nbsp;&nbsp; Par ailleurs, mon travail occupe une place essentielle dans ma vie, je prends le temps de courir, de randonner et de pratiquer un art martial interne depuis 25 ans.&nbsp;<\/p>\n\n\n\n<p class=\"has-ast-global-color-0-color has-text-color\">Pour finir, je m\u2019organise de fa\u00e7on \u00e0 pouvoir voyager les mois d\u2019\u00e9t\u00e9, \u00ab&nbsp;frotter ma cervelle \u00e0 celle d\u2019autrui&nbsp;\u00bb (Montaigne), m\u2019enrichir et progresser de cette fa\u00e7on-l\u00e0, aussi.<\/p>\n\n\n\n<p class=\"has-ast-global-color-0-color has-text-color\">Je crois et constate que pour peu que nous le voulions, <strong>nous sommes effectivement tous des &#8220;progressants&#8221;<\/strong>.<br> A ma mesure, j&#8217;essaie d&#8217;y apporter ma contribution.<\/p>\n<\/div><\/div>\n<\/div><\/div>\n<\/div><\/div>\n<\/div><\/div>\n","protected":false},"excerpt":{"rendered":"","protected":false},"author":1,"featured_media":0,"parent":0,"menu_order":0,"comment_status":"closed","ping_status":"closed","template":"","meta":{"site-sidebar-layout":"default","site-content-layout":"default","ast-global-header-display":"","ast-main-header-display":"","ast-hfb-above-header-display":"","ast-hfb-below-header-display":"","ast-hfb-mobile-header-display":"","site-post-title":"","ast-breadcrumbs-content":"","ast-featured-img":"","footer-sml-layout":"","theme-transparent-header-meta":"","adv-header-id-meta":"","stick-header-meta":"","header-above-stick-meta":"","header-main-stick-meta":"","header-below-stick-meta":""},"_links":{"self":[{"href":"https:\/\/www.hypnose-enfants-ados-lyon.fr\/index.php?rest_route=\/wp\/v2\/pages\/1118"}],"collection":[{"href":"https:\/\/www.hypnose-enfants-ados-lyon.fr\/index.php?rest_route=\/wp\/v2\/pages"}],"about":[{"href":"https:\/\/www.hypnose-enfants-ados-lyon.fr\/index.php?rest_route=\/wp\/v2\/types\/page"}],"author":[{"embeddable":true,"href":"https:\/\/www.hypnose-enfants-ados-lyon.fr\/index.php?rest_route=\/wp\/v2\/users\/1"}],"replies":[{"embeddable":true,"href":"https:\/\/www.hypnose-enfants-ados-lyon.fr\/index.php?rest_route=%2Fwp%2Fv2%2Fcomments&post=1118"}],"version-history":[{"count":5,"href":"https:\/\/www.hypnose-enfants-ados-lyon.fr\/index.php?rest_route=\/wp\/v2\/pages\/1118\/revisions"}],"predecessor-version":[{"id":1165,"href":"https:\/\/www.hypnose-enfants-ados-lyon.fr\/index.php?rest_route=\/wp\/v2\/pages\/1118\/revisions\/1165"}],"wp:attachment":[{"href":"https:\/\/www.hypnose-enfants-ados-lyon.fr\/index.php?rest_route=%2Fwp%2Fv2%2Fmedia&parent=1118"}],"curies":[{"name":"wp","href":"https:\/\/api.w.org\/{rel}","templated":true}]}}